{"id":270,"date":"2023-05-15T07:17:07","date_gmt":"2023-05-15T07:17:07","guid":{"rendered":"https:\/\/biteprd.wpengine.com\/?page_id=270"},"modified":"2025-08-11T11:40:21","modified_gmt":"2025-08-11T11:40:21","slug":"terms-and-conditions","status":"publish","type":"page","link":"https:\/\/bitedrink.com\/de\/terms-and-conditions\/","title":{"rendered":"Bedingungen und Konditionen"},"content":{"rendered":"<div style=\"padding-left:5%;padding-right:5%;padding-bottom:5%;padding-top:5%\" class=\"wp-block-genesis-blocks-gb-container alignfull legal_content gb-block-container\"><div class=\"gb-container-inside\"><div class=\"gb-container-content\" style=\"max-width:1024px\">\n<h1 class=\"wp-block-heading\" style=\"font-size:3.125rem;font-style:normal;font-weight:500;text-transform:uppercase\">Bedingungen und Konditionen<\/h1>\n\n\n\n<p>Bitte lesen Sie diese Allgemeinen Gesch\u00e4ftsbedingungen sorgf\u00e4ltig durch, bevor Sie die von Bite Beverage Brand (\"wir\", \"wir\" oder \"unser\") betriebene Bite-Website (\"die Website\") nutzen.<\/p>\n\n\n\n<p>Indem Sie auf die Website zugreifen oder sie nutzen, erkl\u00e4ren Sie sich mit diesen Allgemeinen Gesch\u00e4ftsbedingungen einverstanden. Wenn Sie mit einem Teil dieser Bedingungen nicht einverstanden sind, d\u00fcrfen Sie die Website nicht nutzen.<\/p>\n\n\n\n<ol class=\"wp-block-list\">\n<li><strong>Geistiges Eigentum<\/strong><\/li>\n<\/ol>\n\n\n\n<p>Die Website und ihre urspr\u00fcnglichen Inhalte, Merkmale und Funktionen sind Eigentum von Bite Beverage Brand und sind durch internationale Urheberrechts-, Marken-, Patent-, Gesch\u00e4ftsgeheimnis- und andere Gesetze \u00fcber geistiges Eigentum oder Eigentumsrechte gesch\u00fctzt.<\/p>\n\n\n\n<ol class=\"wp-block-list\" start=\"2\">\n<li><strong>Nutzung der Website<\/strong><\/li>\n<\/ol>\n\n\n\n<p>Sie d\u00fcrfen die Website nur f\u00fcr Ihre pers\u00f6nlichen, nicht-kommerziellen Zwecke nutzen. Sie d\u00fcrfen Inhalte oder Informationen, die Sie von der Website erhalten haben, ohne unsere vorherige schriftliche Zustimmung nicht ver\u00e4ndern, vervielf\u00e4ltigen, verbreiten, ausstellen, ver\u00f6ffentlichen, \u00fcbertragen, lizenzieren, davon abgeleitete Werke erstellen oder verkaufen.<\/p>\n\n\n\n<ol class=\"wp-block-list\" start=\"3\">\n<li><strong>Genauigkeit der Informationen<\/strong><\/li>\n<\/ol>\n\n\n\n<p>Obwohl wir uns bem\u00fchen, genaue und aktuelle Informationen auf der Website bereitzustellen, geben wir keinerlei ausdr\u00fcckliche oder stillschweigende Garantien oder Zusicherungen in Bezug auf die Vollst\u00e4ndigkeit, Genauigkeit, Zuverl\u00e4ssigkeit, Eignung oder Verf\u00fcgbarkeit der Website oder der auf der Website enthaltenen Informationen. Wenn Sie sich auf solche Informationen verlassen, geschieht dies ausschlie\u00dflich auf Ihr eigenes Risiko.<\/p>\n\n\n\n<ol class=\"wp-block-list\" start=\"4\">\n<li><strong>Links zu Websites von Drittanbietern<\/strong><\/li>\n<\/ol>\n\n\n\n<p>Die Website kann Links zu Websites oder Diensten Dritter enthalten, die nicht im Besitz oder unter der Kontrolle von Bite Beverage Brand sind. Wir haben keine Kontrolle \u00fcber und \u00fcbernehmen keine Verantwortung f\u00fcr den Inhalt, die Datenschutzrichtlinien oder die Praktiken von Webseiten oder Dienstleistungen Dritter. Sie erkennen an und erkl\u00e4ren sich damit einverstanden, dass Bite Beverage Brand weder direkt noch indirekt f\u00fcr Sch\u00e4den oder Verluste verantwortlich oder haftbar ist, die durch oder in Verbindung mit der Nutzung von oder dem Vertrauen auf solche Inhalte, Waren oder Dienstleistungen, die auf oder \u00fcber solche Websites oder Dienstleistungen verf\u00fcgbar sind, verursacht wurden oder angeblich verursacht wurden.<\/p>\n\n\n\n<ol class=\"wp-block-list\" start=\"5\">\n<li><strong>Beschr\u00e4nkung der Haftung<\/strong><\/li>\n<\/ol>\n\n\n\n<p>In keinem Fall sind Bite Beverage Brand, seine Direktoren, leitenden Angestellten, Mitarbeiter oder Vertreter Ihnen oder Dritten gegen\u00fcber haftbar f\u00fcr indirekte Sch\u00e4den, Folgesch\u00e4den, beil\u00e4ufig entstandene Sch\u00e4den, besondere Sch\u00e4den oder Sch\u00e4den mit Strafcharakter, einschlie\u00dflich entgangenem Gewinn, entgangenen Einnahmen, Datenverlusten oder anderen Sch\u00e4den, die sich aus der Nutzung der Website oder von auf der Website bereitgestellten Inhalten oder Informationen ergeben.<\/p>\n\n\n\n<ol class=\"wp-block-list\" start=\"6\">\n<li><strong>Entsch\u00e4digung<\/strong><\/li>\n<\/ol>\n\n\n\n<p>Sie erkl\u00e4ren sich damit einverstanden, Bite Beverage Brand und seine Direktoren, leitenden Angestellten, Mitarbeiter und Vertreter zu verteidigen, zu entsch\u00e4digen und schadlos zu halten von und gegen jegliche Anspr\u00fcche, Klagen oder Forderungen, einschlie\u00dflich, ohne Einschr\u00e4nkung, angemessener Anwalts- und Buchhaltungsgeb\u00fchren, die sich aus Ihrer Nutzung der Website oder Ihrem Versto\u00df gegen diese Allgemeinen Gesch\u00e4ftsbedingungen ergeben.<\/p>\n\n\n\n<ol class=\"wp-block-list\" start=\"7\">\n<li><strong>Geltendes Recht<\/strong><\/li>\n<\/ol>\n\n\n\n<p>Diese Allgemeinen Gesch\u00e4ftsbedingungen unterliegen dem d\u00e4nischen Recht und werden in \u00dcbereinstimmung mit diesem ausgelegt, ungeachtet der Bestimmungen des Kollisionsrechts.<\/p>\n\n\n\n<ol class=\"wp-block-list\" start=\"8\">\n<li><strong>\u00c4nderungen der Bedingungen und Konditionen<\/strong><\/li>\n<\/ol>\n\n\n\n<p>Wir behalten uns das Recht vor, diese Allgemeinen Gesch\u00e4ftsbedingungen jederzeit zu \u00e4ndern oder zu ersetzen. Indem Sie nach Inkrafttreten der \u00c4nderungen weiterhin auf die Website zugreifen oder sie nutzen, erkl\u00e4ren Sie sich mit den \u00fcberarbeiteten Bedingungen einverstanden. Wenn Sie mit den neuen Bedingungen nicht einverstanden sind, stellen Sie bitte die Nutzung der Website ein.<\/p>\n\n\n\n<ol class=\"wp-block-list\" start=\"9\">\n<li><strong>Kontakt<\/strong><\/li>\n<\/ol>\n\n\n\n<p>Wenn Sie Fragen zu diesen Bedingungen haben, kontaktieren Sie uns bitte unter <a href=\"mailto:patrik@bitedrink.com\" target=\"_blank\" rel=\"noreferrer noopener\">patrik@bitedrink.com<\/a>.<\/p>\n\n\n\n<p>Durch die Nutzung der Bite-Website erkl\u00e4ren Sie Ihr Einverst\u00e4ndnis mit diesen Bedingungen.<\/p>\n<\/div><\/div><\/div>\n\n\n\n<div style=\"height:50px\" aria-hidden=\"true\" class=\"wp-block-spacer\"><\/div>","protected":false},"excerpt":{"rendered":"","protected":false},"author":8,"featured_media":1060,"parent":0,"menu_order":0,"comment_status":"closed","ping_status":"closed","template":"page-templates\/blocks.php","meta":{"_acf_changed":false,"inline_featured_image":false,"_genesis_hide_title":false,"_genesis_hide_breadcrumbs":false,"_genesis_hide_singular_image":false,"_genesis_hide_footer_widgets":false,"_genesis_custom_body_class":"","_genesis_custom_post_class":"","_genesis_layout":"","footnotes":""},"class_list":{"0":"post-270","1":"page","2":"type-page","3":"status-publish","4":"has-post-thumbnail","6":"entry"},"acf":[],"featured_image_src":"https:\/\/e27tjd3byxa.exactdn.com\/wp-content\/uploads\/2025\/01\/Bite-SoME-icon-white-on-black-600x400.jpg?strip=all","featured_image_src_square":"https:\/\/e27tjd3byxa.exactdn.com\/wp-content\/uploads\/2025\/01\/Bite-SoME-icon-white-on-black-600x600.jpg?strip=all","_links":{"self":[{"href":"https:\/\/bitedrink.com\/de\/wp-json\/wp\/v2\/pages\/270","targetHints":{"allow":["GET"]}}],"collection":[{"href":"https:\/\/bitedrink.com\/de\/wp-json\/wp\/v2\/pages"}],"about":[{"href":"https:\/\/bitedrink.com\/de\/wp-json\/wp\/v2\/types\/page"}],"author":[{"embeddable":true,"href":"https:\/\/bitedrink.com\/de\/wp-json\/wp\/v2\/users\/8"}],"replies":[{"embeddable":true,"href":"https:\/\/bitedrink.com\/de\/wp-json\/wp\/v2\/comments?post=270"}],"version-history":[{"count":0,"href":"https:\/\/bitedrink.com\/de\/wp-json\/wp\/v2\/pages\/270\/revisions"}],"wp:featuredmedia":[{"embeddable":true,"href":"https:\/\/bitedrink.com\/de\/wp-json\/wp\/v2\/media\/1060"}],"wp:attachment":[{"href":"https:\/\/bitedrink.com\/de\/wp-json\/wp\/v2\/media?parent=270"}],"curies":[{"name":"wp","href":"https:\/\/api.w.org\/{rel}","templated":true}]}}