{"id":96,"date":"2023-04-14T09:29:27","date_gmt":"2023-04-14T09:29:27","guid":{"rendered":"https:\/\/biteprd.wpengine.com\/?page_id=96"},"modified":"2025-08-11T11:40:12","modified_gmt":"2025-08-11T11:40:12","slug":"product-single","status":"publish","type":"page","link":"https:\/\/bitedrink.com\/de\/product-single\/","title":{"rendered":"Produkt"},"content":{"rendered":"<div class=\"wp-block-genesis-blocks-gb-columns single_product gb-layout-columns-2 gb-2-col-wideright gb-has-custom-background-color alignfull\" style=\"background-color:#fafafa\"><div class=\"gb-layout-column-wrap gb-block-layout-column-gap-0 gb-is-responsive-column\">\n<div class=\"wp-block-genesis-blocks-gb-column col_desc gb-block-layout-column\"><div class=\"gb-block-layout-column-inner gb-has-custom-background-color\" style=\"background-color:#ecebec\">\n<div style=\"padding-left:10%;padding-top:15%\" class=\"wp-block-genesis-blocks-gb-container prod_desc gb-block-container\"><div class=\"gb-container-inside\"><div class=\"gb-container-content\">\n<p class=\"bt_back has-black-color has-text-color has-small-font-size\" style=\"font-style:normal;font-weight:500;letter-spacing:2.4px\"><a href=\"\/de\/products\/\"><img loading=\"lazy\" decoding=\"async\" width=\"12\" height=\"9\" class=\"wp-image-97\" style=\"width: 12px;\" src=\"https:\/\/biteprd.wpengine.com\/wp-content\/uploads\/2023\/04\/long-arrow-right-1.svg\" alt=\"\"> ZUR\u00dcCK ZU DEN PRODUKTEN<\/a><\/p>\n\n\n\n<h1 class=\"wp-block-heading has-black-color has-text-color\" style=\"font-size:30px;font-style:normal;font-weight:500;letter-spacing:6px;line-height:1.2;text-transform:uppercase\">Holunderbl\u00fcten<br>&amp; Jasmin<\/h1>\n\n\n\n<p class=\"has-black-color has-text-color\" style=\"font-size:14px\">Ein Bio-Sirup aus frischem Ingwer und duftenden Schalen von Zitronen und Limetten in Kombination mit warmem Muscovado-Zucker.<\/p>\n\n\n\n<p class=\"has-black-color has-text-color\" style=\"font-size:14px\">F\u00fcr k\u00f6stliche selbstgemachte Limonaden und Cocktails.<\/p>\n\n\n\n<div class=\"wp-block-buttons is-layout-flex wp-block-buttons-is-layout-flex\">\n<div class=\"wp-block-button\" style=\"font-style:normal;font-weight:500;letter-spacing:2.8px;text-transform:uppercase\"><a class=\"wp-block-button__link has-white-color has-black-background-color has-text-color has-background wp-element-button\" href=\"#\" style=\"border-radius:0px\">Kostenlose Musterbox erhalten <img loading=\"lazy\" decoding=\"async\" width=\"14\" height=\"10\" class=\"wp-image-16\" style=\"width: 14px;\" src=\"https:\/\/biteprd.wpengine.com\/wp-content\/uploads\/2023\/04\/long-arrow-right.svg\" alt=\"\"><\/a><\/div>\n<\/div>\n<\/div><\/div><\/div>\n\n\n\n<div class=\"wp-block-group col_faq\"><div class=\"wp-block-group__inner-container is-layout-constrained wp-block-group-is-layout-constrained\">\n<div class=\"wp-block-genesis-blocks-gb-accordion gb-block-accordion gb-font-size-14\"><details><summary class=\"gb-accordion-title\">Signature Cocktails<\/summary><div class=\"gb-accordion-text\">\n<p>lorem ipsum<\/p>\n<\/div><\/details><\/div>\n\n\n\n<div class=\"wp-block-genesis-blocks-gb-accordion gb-block-accordion gb-font-size-14\"><details><summary class=\"gb-accordion-title\">Zutaten &amp; N\u00e4hrwertangaben<\/summary><div class=\"gb-accordion-text\">\n<ul class=\"wp-block-list\">\n<li>Rohrzucker*<\/li>\n\n\n\n<li>Wasser<\/li>\n\n\n\n<li>Muscovado-Zucker<\/li>\n\n\n\n<li>Ingwer*<\/li>\n\n\n\n<li>Zitronensaft*<\/li>\n\n\n\n<li>Limettensaft*<\/li>\n\n\n\n<li>Zitronenschalen*<\/li>\n\n\n\n<li>S\u00e4ureregulator (Zitronens\u00e4ure)<\/li>\n<\/ul>\n\n\n\n<p class=\"note\">*biologische Zutaten<\/p>\n\n\n\n<ul class=\"wp-block-list\">\n<li>Energie: 901 kJ\/215 kcal<\/li>\n\n\n\n<li>Fett: &lt;0, 0 g<\/li>\n\n\n\n<li>Kohlenhydrate: 52, 5 g <\/li>\n<\/ul>\n\n\n\n<p class=\"note\">*Pr. 100 ml Konzentrat<\/p>\n<\/div><\/details><\/div>\n\n\n\n<div class=\"wp-block-genesis-blocks-gb-accordion gb-block-accordion gb-font-size-14\"><details><summary class=\"gb-accordion-title\">Signature Erfrischungsgetr\u00e4nk<\/summary><div class=\"gb-accordion-text\">\n<p>lorem ipsum<\/p>\n<\/div><\/details><\/div>\n<\/div><\/div>\n<\/div><\/div>\n\n\n\n<div class=\"wp-block-genesis-blocks-gb-column col_ftrd gb-block-layout-column\"><div class=\"gb-block-layout-column-inner gb-has-custom-background-color\" style=\"background-color:#fafafa\">\n<div class=\"wp-block-genesis-blocks-gb-container ftrd_imgs gb-block-container\"><div class=\"gb-container-inside\"><div class=\"gb-container-content\">\n<figure class=\"wp-block-image size-large is-resized\"><img loading=\"lazy\" decoding=\"async\" width=\"995\" height=\"1024\" src=\"https:\/\/biteprd.wpengine.com\/wp-content\/uploads\/2023\/04\/Mask-group-1-995x1024.webp\" alt=\"\" class=\"wp-image-98\" style=\"width:1004px\" srcset=\"https:\/\/e27tjd3byxa.exactdn.com\/wp-content\/uploads\/2023\/04\/Mask-group-1-995x1024.webp?strip=all 995w, https:\/\/e27tjd3byxa.exactdn.com\/wp-content\/uploads\/2023\/04\/Mask-group-1-292x300.webp?strip=all 292w, https:\/\/e27tjd3byxa.exactdn.com\/wp-content\/uploads\/2023\/04\/Mask-group-1-768x790.webp?strip=all 768w, https:\/\/e27tjd3byxa.exactdn.com\/wp-content\/uploads\/2023\/04\/Mask-group-1.webp?strip=all 1004w, https:\/\/e27tjd3byxa.exactdn.com\/wp-content\/uploads\/2023\/04\/Mask-group-1.webp?strip=all&amp;w=200 200w, https:\/\/e27tjd3byxa.exactdn.com\/wp-content\/uploads\/2023\/04\/Mask-group-1.webp?strip=all&amp;w=401 401w, https:\/\/e27tjd3byxa.exactdn.com\/wp-content\/uploads\/2023\/04\/Mask-group-1.webp?strip=all&amp;w=602 602w\" sizes=\"auto, (max-width: 995px) 100vw, 995px\" \/><\/figure>\n\n\n\n<div class=\"wp-block-genesis-blocks-gb-columns gb-layout-columns-2 gb-2-col-equal\"><div class=\"gb-layout-column-wrap gb-block-layout-column-gap-0 gb-is-responsive-column\">\n<div class=\"wp-block-genesis-blocks-gb-column gb-block-layout-column\"><div class=\"gb-block-layout-column-inner\">\n<figure class=\"wp-block-image size-full\"><img loading=\"lazy\" decoding=\"async\" width=\"500\" height=\"700\" src=\"https:\/\/biteprd.wpengine.com\/wp-content\/uploads\/2023\/04\/0N8A0291-1.webp\" alt=\"\" class=\"wp-image-101\" srcset=\"https:\/\/e27tjd3byxa.exactdn.com\/wp-content\/uploads\/2023\/04\/0N8A0291-1.webp?strip=all 500w, https:\/\/e27tjd3byxa.exactdn.com\/wp-content\/uploads\/2023\/04\/0N8A0291-1-214x300.webp?strip=all 214w, https:\/\/e27tjd3byxa.exactdn.com\/wp-content\/uploads\/2023\/04\/0N8A0291-1.webp?strip=all&amp;w=100 100w, https:\/\/e27tjd3byxa.exactdn.com\/wp-content\/uploads\/2023\/04\/0N8A0291-1.webp?strip=all&amp;w=300 300w, https:\/\/e27tjd3byxa.exactdn.com\/wp-content\/uploads\/2023\/04\/0N8A0291-1.webp?strip=all&amp;w=400 400w, https:\/\/e27tjd3byxa.exactdn.com\/wp-content\/uploads\/2023\/04\/0N8A0291-1.webp?strip=all&amp;w=450 450w\" sizes=\"auto, (max-width: 500px) 100vw, 500px\" \/><\/figure>\n<\/div><\/div>\n\n\n\n<div class=\"wp-block-genesis-blocks-gb-column gb-block-layout-column\"><div class=\"gb-block-layout-column-inner\">\n<figure class=\"wp-block-image size-full\"><img loading=\"lazy\" decoding=\"async\" width=\"501\" height=\"700\" src=\"https:\/\/biteprd.wpengine.com\/wp-content\/uploads\/2023\/04\/Mask-group.webp\" alt=\"\" class=\"wp-image-100\" srcset=\"https:\/\/e27tjd3byxa.exactdn.com\/wp-content\/uploads\/2023\/04\/Mask-group.webp?strip=all 501w, https:\/\/e27tjd3byxa.exactdn.com\/wp-content\/uploads\/2023\/04\/Mask-group-215x300.webp?strip=all 215w, https:\/\/e27tjd3byxa.exactdn.com\/wp-content\/uploads\/2023\/04\/Mask-group.webp?strip=all&amp;w=100 100w, https:\/\/e27tjd3byxa.exactdn.com\/wp-content\/uploads\/2023\/04\/Mask-group.webp?strip=all&amp;w=300 300w, https:\/\/e27tjd3byxa.exactdn.com\/wp-content\/uploads\/2023\/04\/Mask-group.webp?strip=all&amp;w=400 400w, https:\/\/e27tjd3byxa.exactdn.com\/wp-content\/uploads\/2023\/04\/Mask-group.webp?strip=all&amp;w=450 450w\" sizes=\"auto, (max-width: 501px) 100vw, 501px\" \/><\/figure>\n<\/div><\/div>\n<\/div><\/div>\n\n\n\n<figure class=\"wp-block-image size-full\"><img loading=\"lazy\" decoding=\"async\" width=\"1004\" height=\"900\" src=\"https:\/\/biteprd.wpengine.com\/wp-content\/uploads\/2023\/04\/Mask-group-2.webp\" alt=\"\" class=\"wp-image-99\" srcset=\"https:\/\/e27tjd3byxa.exactdn.com\/wp-content\/uploads\/2023\/04\/Mask-group-2.webp?strip=all 1004w, https:\/\/e27tjd3byxa.exactdn.com\/wp-content\/uploads\/2023\/04\/Mask-group-2-300x269.webp?strip=all 300w, https:\/\/e27tjd3byxa.exactdn.com\/wp-content\/uploads\/2023\/04\/Mask-group-2-768x688.webp?strip=all 768w, https:\/\/e27tjd3byxa.exactdn.com\/wp-content\/uploads\/2023\/04\/Mask-group-2.webp?strip=all&amp;w=200 200w, https:\/\/e27tjd3byxa.exactdn.com\/wp-content\/uploads\/2023\/04\/Mask-group-2.webp?strip=all&amp;w=401 401w, https:\/\/e27tjd3byxa.exactdn.com\/wp-content\/uploads\/2023\/04\/Mask-group-2.webp?strip=all&amp;w=602 602w\" sizes=\"auto, (max-width: 1004px) 100vw, 1004px\" \/><\/figure>\n<\/div><\/div><\/div>\n\n\n\n<div class=\"wp-block-genesis-blocks-gb-container col_testimonial gb-block-container\"><div class=\"gb-container-inside\"><div class=\"gb-container-content\" style=\"max-width:696px\"><div class=\"wp-block-image reviewer_logo\">\n<figure class=\"aligncenter size-large\"><img loading=\"lazy\" decoding=\"async\" width=\"126\" height=\"74\" src=\"https:\/\/biteprd.wpengine.com\/wp-content\/uploads\/2023\/04\/PANPAN_BOM\u251caRKE_gennemsigtig-3.svg\" alt=\"\" class=\"wp-image-102\"\/><\/figure>\n<\/div>\n\n\n<h4 class=\"wp-block-heading has-text-align-center has-large-font-size\" style=\"font-style:normal;font-weight:500;letter-spacing:4px;text-transform:uppercase\">BISTRO PAN PAN<\/h4>\n\n\n\n<p class=\"has-text-align-center has-black-color has-text-color has-normal-font-size\" style=\"font-style:normal;font-weight:400\">\"Wir sind ein Restaurant mit hohem Tempo und suchten nach einer M\u00f6glichkeit, unsere Cocktailkarte zu verbessern, ohne die Barkeeper mit zus\u00e4tzlicher Arbeit zu \u00fcberfordern. Wir arbeiten sehr gerne mit diesen Sirupen und k\u00f6nnen es kaum erwarten, neue Rezepte zu entwickeln. Da wir versuchen, immer nachhaltiger zu werden, passt die Arbeit mit diesen Bio-Sirupen perfekt zu uns.\"<\/p>\n\n\n\n<p class=\"has-text-align-center reviewer_name has-black-color has-text-color has-normal-font-size\" style=\"font-style:normal;font-weight:500\">Weronika, Restaurantleiterin<\/p>\n<\/div><\/div><\/div>\n<\/div><\/div>\n<\/div><\/div>\n\n\n\n<div class=\"wp-block-genesis-blocks-gb-container alignfull ftr_socials gb-block-container\"><div class=\"gb-container-inside\"><div class=\"gb-container-content\">\n<div class=\"wp-block-genesis-blocks-gb-columns not-ready gb-layout-columns-2 gb-2-col-equal\"><div class=\"gb-layout-column-wrap gb-block-layout-column-gap-0 gb-is-responsive-column\">\n<div class=\"wp-block-genesis-blocks-gb-column gb-block-layout-column\"><div class=\"gb-block-layout-column-inner\" style=\"padding-top:60px;padding-bottom:60px\">\n<h2 class=\"wp-block-heading has-text-align-center has-black-color has-text-color\" style=\"font-size:1.875rem;font-style:normal;font-weight:500;text-transform:uppercase\"><a href=\"#\">Newsletter<\/a><\/h2>\n<\/div><\/div>\n\n\n\n<div class=\"wp-block-genesis-blocks-gb-column gb-block-layout-column\"><div class=\"gb-block-layout-column-inner\" style=\"padding-top:60px;padding-bottom:60px\">\n<h2 class=\"wp-block-heading has-text-align-center has-black-color has-text-color\" style=\"font-size:1.875rem;font-style:normal;font-weight:500;text-transform:uppercase\"><a href=\"#\">TikTok<\/a><\/h2>\n<\/div><\/div>\n<\/div><\/div>\n\n\n\n<div class=\"wp-block-genesis-blocks-gb-columns gb-layout-columns-2 gb-2-col-equal\"><div class=\"gb-layout-column-wrap gb-block-layout-column-gap-0 gb-is-responsive-column\">\n<div class=\"wp-block-genesis-blocks-gb-column gb-block-layout-column\"><div class=\"gb-block-layout-column-inner\" style=\"padding-top:60px;padding-bottom:60px\">\n<h2 class=\"wp-block-heading has-text-align-center has-black-color has-text-color\" style=\"font-size:1.875rem;font-style:normal;font-weight:500;text-transform:uppercase\"><a href=\"https:\/\/www.instagram.com\/bitedrinkofficial\/\" target=\"_blank\" rel=\"noreferrer noopener\">Instagram<\/a><\/h2>\n<\/div><\/div>\n\n\n\n<div class=\"wp-block-genesis-blocks-gb-column gb-block-layout-column\"><div class=\"gb-block-layout-column-inner\" style=\"padding-top:60px;padding-bottom:60px\">\n<h2 class=\"wp-block-heading has-text-align-center has-black-color has-text-color\" style=\"font-size:1.875rem;font-style:normal;font-weight:500;text-transform:uppercase\"><a href=\"https:\/\/www.linkedin.com\/company\/bitedrink\/\" target=\"_blank\" rel=\"noreferrer noopener\">LINKEDIN<\/a><\/h2>\n<\/div><\/div>\n<\/div><\/div>\n<\/div><\/div><\/div>","protected":false},"excerpt":{"rendered":"","protected":false},"author":8,"featured_media":1060,"parent":0,"menu_order":0,"comment_status":"closed","ping_status":"closed","template":"page-templates\/blocks.php","meta":{"_acf_changed":false,"inline_featured_image":false,"_genesis_hide_title":false,"_genesis_hide_breadcrumbs":false,"_genesis_hide_singular_image":false,"_genesis_hide_footer_widgets":false,"_genesis_custom_body_class":"","_genesis_custom_post_class":"","_genesis_layout":"","footnotes":""},"class_list":{"0":"post-96","1":"page","2":"type-page","3":"status-publish","4":"has-post-thumbnail","6":"entry"},"acf":[],"featured_image_src":"https:\/\/e27tjd3byxa.exactdn.com\/wp-content\/uploads\/2025\/01\/Bite-SoME-icon-white-on-black-600x400.jpg?strip=all","featured_image_src_square":"https:\/\/e27tjd3byxa.exactdn.com\/wp-content\/uploads\/2025\/01\/Bite-SoME-icon-white-on-black-600x600.jpg?strip=all","_links":{"self":[{"href":"https:\/\/bitedrink.com\/de\/wp-json\/wp\/v2\/pages\/96","targetHints":{"allow":["GET"]}}],"collection":[{"href":"https:\/\/bitedrink.com\/de\/wp-json\/wp\/v2\/pages"}],"about":[{"href":"https:\/\/bitedrink.com\/de\/wp-json\/wp\/v2\/types\/page"}],"author":[{"embeddable":true,"href":"https:\/\/bitedrink.com\/de\/wp-json\/wp\/v2\/users\/8"}],"replies":[{"embeddable":true,"href":"https:\/\/bitedrink.com\/de\/wp-json\/wp\/v2\/comments?post=96"}],"version-history":[{"count":0,"href":"https:\/\/bitedrink.com\/de\/wp-json\/wp\/v2\/pages\/96\/revisions"}],"wp:featuredmedia":[{"embeddable":true,"href":"https:\/\/bitedrink.com\/de\/wp-json\/wp\/v2\/media\/1060"}],"wp:attachment":[{"href":"https:\/\/bitedrink.com\/de\/wp-json\/wp\/v2\/media?parent=96"}],"curies":[{"name":"wp","href":"https:\/\/api.w.org\/{rel}","templated":true}]}}